{"id":1475,"date":"2022-05-19T16:40:51","date_gmt":"2022-05-19T16:40:51","guid":{"rendered":"https:\/\/business-refresh.com\/?page_id=1475"},"modified":"2022-09-26T21:49:29","modified_gmt":"2022-09-26T21:49:29","slug":"ndertimtari","status":"publish","type":"page","link":"https:\/\/business-refresh.com\/de\/ndertimtari\/","title":{"rendered":"Bauwesen"},"content":{"rendered":"<div data-elementor-type=\"wp-page\" data-elementor-id=\"1475\" class=\"elementor elementor-1475\">\n\t\t\t\t\t\t<section class=\"elementor-section elementor-top-section elementor-element elementor-element-65b6eb6 elementor-section-boxed elementor-section-height-default elementor-section-height-default\" data-id=\"65b6eb6\" data-element_type=\"section\" data-e-type=\"section\" data-settings=\"{&quot;background_background&quot;:&quot;classic&quot;}\">\n\t\t\t\t\t\t\t<div class=\"elementor-background-overlay\"><\/div>\n\t\t\t\t\t\t\t<div class=\"elementor-container elementor-column-gap-default\">\n\t\t\t\t\t<div class=\"elementor-column elementor-col-100 elementor-top-column elementor-element elementor-element-e1aaf3a\" data-id=\"e1aaf3a\" data-element_type=\"column\" data-e-type=\"column\">\n\t\t\t<div class=\"elementor-widget-wrap elementor-element-populated\">\n\t\t\t\t\t\t<section class=\"elementor-section elementor-inner-section elementor-element elementor-element-0c16391 elementor-section-boxed elementor-section-height-default elementor-section-height-default\" data-id=\"0c16391\" data-element_type=\"section\" data-e-type=\"section\">\n\t\t\t\t\t\t<div class=\"elementor-container elementor-column-gap-default\">\n\t\t\t\t\t<div class=\"elementor-column elementor-col-33 elementor-inner-column elementor-element elementor-element-816544d\" data-id=\"816544d\" data-element_type=\"column\" data-e-type=\"column\">\n\t\t\t<div class=\"elementor-widget-wrap\">\n\t\t\t\t\t\t\t<\/div>\n\t\t<\/div>\n\t\t\t\t<div class=\"elementor-column elementor-col-33 elementor-inner-column elementor-element elementor-element-cce75c8\" data-id=\"cce75c8\" data-element_type=\"column\" data-e-type=\"column\">\n\t\t\t<div class=\"elementor-widget-wrap elementor-element-populated\">\n\t\t\t\t\t\t<div class=\"elementor-element elementor-element-72dfe07 elementor-widget elementor-widget-heading\" data-id=\"72dfe07\" data-element_type=\"widget\" data-e-type=\"widget\" data-widget_type=\"heading.default\">\n\t\t\t\t<div class=\"elementor-widget-container\">\n\t\t\t\t\t<h1 class=\"elementor-heading-title elementor-size-default\">Bauwesen<\/h1>\t\t\t\t<\/div>\n\t\t\t\t<\/div>\n\t\t\t\t<div class=\"elementor-element elementor-element-6f71d9a elementor-widget elementor-widget-text-editor\" data-id=\"6f71d9a\" data-element_type=\"widget\" data-e-type=\"widget\" data-widget_type=\"text-editor.default\">\n\t\t\t\t<div class=\"elementor-widget-container\">\n\t\t\t\t\t\t\t\t\t<div class=\"kvgmc6g5 cxmmr5t8 oygrvhab hcukyx3x c1et5uql\"><div dir=\"auto\">Alle Firmen an einem Ort<\/div><\/div>\t\t\t\t\t\t\t\t<\/div>\n\t\t\t\t<\/div>\n\t\t\t\t\t<\/div>\n\t\t<\/div>\n\t\t\t\t<div class=\"elementor-column elementor-col-33 elementor-inner-column elementor-element elementor-element-56d66c9\" data-id=\"56d66c9\" data-element_type=\"column\" data-e-type=\"column\">\n\t\t\t<div class=\"elementor-widget-wrap\">\n\t\t\t\t\t\t\t<\/div>\n\t\t<\/div>\n\t\t\t\t\t<\/div>\n\t\t<\/section>\n\t\t\t\t\t<\/div>\n\t\t<\/div>\n\t\t\t\t\t<\/div>\n\t\t<\/section>\n\t\t\t\t<section class=\"elementor-section elementor-top-section elementor-element elementor-element-57f5c14 elementor-section-boxed elementor-section-height-default elementor-section-height-default\" data-id=\"57f5c14\" data-element_type=\"section\" data-e-type=\"section\">\n\t\t\t\t\t\t<div class=\"elementor-container elementor-column-gap-default\">\n\t\t\t\t\t<div class=\"elementor-column elementor-col-100 elementor-top-column elementor-element elementor-element-40b8096\" data-id=\"40b8096\" data-element_type=\"column\" data-e-type=\"column\">\n\t\t\t<div class=\"elementor-widget-wrap elementor-element-populated\">\n\t\t\t\t\t\t<div class=\"elementor-element elementor-element-a1bcc16 elementor-grid-eael-col-4 elementor-grid-tablet-eael-col-2 elementor-grid-mobile-eael-col-1 elementor-widget elementor-widget-eael-post-grid\" data-id=\"a1bcc16\" data-element_type=\"widget\" data-e-type=\"widget\" data-settings=\"{&quot;eael_post_grid_columns&quot;:&quot;eael-col-4&quot;,&quot;eael_post_grid_columns_tablet&quot;:&quot;eael-col-2&quot;,&quot;eael_post_grid_columns_mobile&quot;:&quot;eael-col-1&quot;}\" data-widget_type=\"eael-post-grid.default\">\n\t\t\t\t<div class=\"elementor-widget-container\">\n\t\t\t\t\t<div id=\"eael-post-grid-a1bcc16\" class=\"eael-post-grid-container\">\n            <div class=\"eael-post-grid eael-post-appender eael-post-appender-a1bcc16 eael-post-grid-style-three\" data-layout-mode=\"masonry\"><article class=\"eael-grid-post  eael-post-grid-column eael-pg-post-1928\" data-id=\"1928\">\n        <div class=\"eael-grid-post-holder\">\n            <div class=\"eael-grid-post-holder-inner\"><div class=\"eael-entry-media\"><div class=\"eael-entry-overlay fade-in\"><i class=\"fas fa-arrow-alt-circle-right\" aria-hidden=\"true\"><\/i><a href=\"https:\/\/business-refresh.com\/de\/kompania\/antika-fix\/\"><\/a><\/div><div class=\"eael-entry-thumbnail\">\n                 <img fetchpriority=\"high\" decoding=\"async\" width=\"300\" height=\"300\" src=\"https:\/\/business-refresh.com\/wp-content\/uploads\/2022\/09\/AF-Logo_auto_x2-1-1-300x300.jpg\" class=\"attachment-medium size-medium wp-image-1996\" alt=\"\" srcset=\"https:\/\/business-refresh.com\/wp-content\/uploads\/2022\/09\/AF-Logo_auto_x2-1-1-300x300.jpg 300w, https:\/\/business-refresh.com\/wp-content\/uploads\/2022\/09\/AF-Logo_auto_x2-1-1-80x80.jpg 80w, https:\/\/business-refresh.com\/wp-content\/uploads\/2022\/09\/AF-Logo_auto_x2-1-1-12x12.jpg 12w, https:\/\/business-refresh.com\/wp-content\/uploads\/2022\/09\/AF-Logo_auto_x2-1-1-334x334.jpg 334w, https:\/\/business-refresh.com\/wp-content\/uploads\/2022\/09\/AF-Logo_auto_x2-1-1.jpg 400w\" sizes=\"(max-width: 300px) 100vw, 300px\" \/>\n             <\/div>\n        <\/div><div class=\"eael-entry-wrapper\"><header class=\"eael-entry-header\"><h2 class=\"eael-entry-title\"><a class=\"eael-grid-post-link\" href=\"https:\/\/business-refresh.com\/de\/kompania\/antika-fix\/\" title=\"Antika-Fix\">Antika-Fix<\/a><\/h2><\/header><\/div><\/div>\n        <\/div>\n    <\/article><article class=\"eael-grid-post  eael-post-grid-column eael-pg-post-1899\" data-id=\"1899\">\n        <div class=\"eael-grid-post-holder\">\n            <div class=\"eael-grid-post-holder-inner\"><div class=\"eael-entry-media\"><div class=\"eael-entry-overlay fade-in\"><i class=\"fas fa-arrow-alt-circle-right\" aria-hidden=\"true\"><\/i><a href=\"https:\/\/business-refresh.com\/de\/kompania\/seferi-group-shpk\/\"><\/a><\/div><div class=\"eael-entry-thumbnail\">\n                 <img decoding=\"async\" width=\"300\" height=\"300\" src=\"https:\/\/business-refresh.com\/wp-content\/uploads\/2022\/09\/Logo-Seferi-Group-SHPK_auto_x2-300x300.jpg\" class=\"attachment-medium size-medium wp-image-1998\" alt=\"\" srcset=\"https:\/\/business-refresh.com\/wp-content\/uploads\/2022\/09\/Logo-Seferi-Group-SHPK_auto_x2-300x300.jpg 300w, https:\/\/business-refresh.com\/wp-content\/uploads\/2022\/09\/Logo-Seferi-Group-SHPK_auto_x2-1024x1024.jpg 1024w, https:\/\/business-refresh.com\/wp-content\/uploads\/2022\/09\/Logo-Seferi-Group-SHPK_auto_x2-80x80.jpg 80w, https:\/\/business-refresh.com\/wp-content\/uploads\/2022\/09\/Logo-Seferi-Group-SHPK_auto_x2-768x768.jpg 768w, https:\/\/business-refresh.com\/wp-content\/uploads\/2022\/09\/Logo-Seferi-Group-SHPK_auto_x2-1536x1536.jpg 1536w, https:\/\/business-refresh.com\/wp-content\/uploads\/2022\/09\/Logo-Seferi-Group-SHPK_auto_x2-2048x2048.jpg 2048w, https:\/\/business-refresh.com\/wp-content\/uploads\/2022\/09\/Logo-Seferi-Group-SHPK_auto_x2-12x12.jpg 12w, https:\/\/business-refresh.com\/wp-content\/uploads\/2022\/09\/Logo-Seferi-Group-SHPK_auto_x2-403x403.jpg 403w, https:\/\/business-refresh.com\/wp-content\/uploads\/2022\/09\/Logo-Seferi-Group-SHPK_auto_x2-334x334.jpg 334w\" sizes=\"(max-width: 300px) 100vw, 300px\" \/>\n             <\/div>\n        <\/div><div class=\"eael-entry-wrapper\"><header class=\"eael-entry-header\"><h2 class=\"eael-entry-title\"><a class=\"eael-grid-post-link\" href=\"https:\/\/business-refresh.com\/de\/kompania\/seferi-group-shpk\/\" title=\"Seferi Group SHPK\">Seferi Group SHPK<\/a><\/h2><\/header><\/div><\/div>\n        <\/div>\n    <\/article><article class=\"eael-grid-post  eael-post-grid-column eael-pg-post-1849\" data-id=\"1849\">\n        <div class=\"eael-grid-post-holder\">\n            <div class=\"eael-grid-post-holder-inner\"><div class=\"eael-entry-media\"><div class=\"eael-entry-overlay fade-in\"><i class=\"fas fa-arrow-alt-circle-right\" aria-hidden=\"true\"><\/i><a href=\"https:\/\/business-refresh.com\/de\/kompania\/aab-construction\/\"><\/a><\/div><div class=\"eael-entry-thumbnail\">\n                 <img decoding=\"async\" width=\"300\" height=\"300\" src=\"https:\/\/business-refresh.com\/wp-content\/uploads\/2022\/06\/180300117_2549178595206234_2904024705639765759_n-300x300.jpg\" class=\"attachment-medium size-medium wp-image-1851\" alt=\"\" srcset=\"https:\/\/business-refresh.com\/wp-content\/uploads\/2022\/06\/180300117_2549178595206234_2904024705639765759_n-300x300.jpg 300w, https:\/\/business-refresh.com\/wp-content\/uploads\/2022\/06\/180300117_2549178595206234_2904024705639765759_n-80x80.jpg 80w, https:\/\/business-refresh.com\/wp-content\/uploads\/2022\/06\/180300117_2549178595206234_2904024705639765759_n-12x12.jpg 12w, https:\/\/business-refresh.com\/wp-content\/uploads\/2022\/06\/180300117_2549178595206234_2904024705639765759_n-403x403.jpg 403w, https:\/\/business-refresh.com\/wp-content\/uploads\/2022\/06\/180300117_2549178595206234_2904024705639765759_n-334x334.jpg 334w, https:\/\/business-refresh.com\/wp-content\/uploads\/2022\/06\/180300117_2549178595206234_2904024705639765759_n.jpg 629w\" sizes=\"(max-width: 300px) 100vw, 300px\" \/>\n             <\/div>\n        <\/div><div class=\"eael-entry-wrapper\"><header class=\"eael-entry-header\"><h2 class=\"eael-entry-title\"><a class=\"eael-grid-post-link\" href=\"https:\/\/business-refresh.com\/de\/kompania\/aab-construction\/\" title=\"AAB-Construction\">AAB-Construction<\/a><\/h2><\/header><\/div><\/div>\n        <\/div>\n    <\/article><\/div>\n            <div class=\"clearfix\"><\/div>\n        <\/div>\t\t\t\t<\/div>\n\t\t\t\t<\/div>\n\t\t\t\t\t<\/div>\n\t\t<\/div>\n\t\t\t\t\t<\/div>\n\t\t<\/section>\n\t\t\t\t<\/div>","protected":false},"excerpt":{"rendered":"<p>T\u00eb gjitha kompanit\u00eb n\u00eb nj\u00eb vend Antika-Fix Seferi Group SHPK AAB-Construction<\/p>","protected":false},"author":1,"featured_media":0,"parent":0,"menu_order":0,"comment_status":"closed","ping_status":"closed","template":"","meta":{"footnotes":""},"class_list":["post-1475","page","type-page","status-publish","hentry"],"acf":[],"yoast_head":"<!-- This site is optimized with the Yoast SEO plugin v27.4 - https:\/\/yoast.com\/product\/yoast-seo-wordpress\/ -->\n<title>Nd\u00ebrtimtari - Refresh<\/title>\n<meta name=\"robots\" content=\"index, follow, max-snippet:-1, max-image-preview:large, max-video-preview:-1\" \/>\n<link rel=\"canonical\" href=\"https:\/\/business-refresh.com\/de\/ndertimtari\/\" \/>\n<meta property=\"og:locale\" content=\"de_DE\" \/>\n<meta property=\"og:type\" content=\"article\" \/>\n<meta property=\"og:title\" content=\"Nd\u00ebrtimtari - Refresh\" \/>\n<meta property=\"og:description\" content=\"T\u00eb gjitha kompanit\u00eb n\u00eb nj\u00eb vend Antika-Fix Seferi Group SHPK AAB-Construction\" \/>\n<meta property=\"og:url\" content=\"https:\/\/business-refresh.com\/de\/ndertimtari\/\" \/>\n<meta property=\"og:site_name\" content=\"Refresh\" \/>\n<meta property=\"article:modified_time\" content=\"2022-09-26T21:49:29+00:00\" \/>\n<meta property=\"og:image\" content=\"https:\/\/business-refresh.com\/wp-content\/uploads\/2022\/09\/AF-Logo.jpg\" \/>\n<meta name=\"twitter:card\" content=\"summary_large_image\" \/>\n<script type=\"application\/ld+json\" class=\"yoast-schema-graph\">{\"@context\":\"https:\\\/\\\/schema.org\",\"@graph\":[{\"@type\":\"WebPage\",\"@id\":\"https:\\\/\\\/business-refresh.com\\\/ndertimtari\\\/\",\"url\":\"https:\\\/\\\/business-refresh.com\\\/ndertimtari\\\/\",\"name\":\"Nd\u00ebrtimtari - Refresh\",\"isPartOf\":{\"@id\":\"https:\\\/\\\/business-refresh.com\\\/#website\"},\"primaryImageOfPage\":{\"@id\":\"https:\\\/\\\/business-refresh.com\\\/ndertimtari\\\/#primaryimage\"},\"image\":{\"@id\":\"https:\\\/\\\/business-refresh.com\\\/ndertimtari\\\/#primaryimage\"},\"thumbnailUrl\":\"https:\\\/\\\/business-refresh.com\\\/wp-content\\\/uploads\\\/2022\\\/09\\\/AF-Logo.jpg\",\"datePublished\":\"2022-05-19T16:40:51+00:00\",\"dateModified\":\"2022-09-26T21:49:29+00:00\",\"breadcrumb\":{\"@id\":\"https:\\\/\\\/business-refresh.com\\\/ndertimtari\\\/#breadcrumb\"},\"inLanguage\":\"de\",\"potentialAction\":[{\"@type\":\"ReadAction\",\"target\":[\"https:\\\/\\\/business-refresh.com\\\/ndertimtari\\\/\"]}]},{\"@type\":\"ImageObject\",\"inLanguage\":\"de\",\"@id\":\"https:\\\/\\\/business-refresh.com\\\/ndertimtari\\\/#primaryimage\",\"url\":\"https:\\\/\\\/business-refresh.com\\\/wp-content\\\/uploads\\\/2022\\\/09\\\/AF-Logo.jpg\",\"contentUrl\":\"https:\\\/\\\/business-refresh.com\\\/wp-content\\\/uploads\\\/2022\\\/09\\\/AF-Logo.jpg\"},{\"@type\":\"BreadcrumbList\",\"@id\":\"https:\\\/\\\/business-refresh.com\\\/ndertimtari\\\/#breadcrumb\",\"itemListElement\":[{\"@type\":\"ListItem\",\"position\":1,\"name\":\"Home\",\"item\":\"https:\\\/\\\/business-refresh.com\\\/\"},{\"@type\":\"ListItem\",\"position\":2,\"name\":\"Nd\u00ebrtimtari\"}]},{\"@type\":\"WebSite\",\"@id\":\"https:\\\/\\\/business-refresh.com\\\/#website\",\"url\":\"https:\\\/\\\/business-refresh.com\\\/\",\"name\":\"Refresh\",\"description\":\"Marketing Agency\",\"potentialAction\":[{\"@type\":\"SearchAction\",\"target\":{\"@type\":\"EntryPoint\",\"urlTemplate\":\"https:\\\/\\\/business-refresh.com\\\/?s={search_term_string}\"},\"query-input\":{\"@type\":\"PropertyValueSpecification\",\"valueRequired\":true,\"valueName\":\"search_term_string\"}}],\"inLanguage\":\"de\"}]}<\/script>\n<!-- \/ Yoast SEO plugin. -->","yoast_head_json":{"title":"Nd\u00ebrtimtari - Refresh","robots":{"index":"index","follow":"follow","max-snippet":"max-snippet:-1","max-image-preview":"max-image-preview:large","max-video-preview":"max-video-preview:-1"},"canonical":"https:\/\/business-refresh.com\/de\/ndertimtari\/","og_locale":"de_DE","og_type":"article","og_title":"Nd\u00ebrtimtari - Refresh","og_description":"T\u00eb gjitha kompanit\u00eb n\u00eb nj\u00eb vend Antika-Fix Seferi Group SHPK AAB-Construction","og_url":"https:\/\/business-refresh.com\/de\/ndertimtari\/","og_site_name":"Refresh","article_modified_time":"2022-09-26T21:49:29+00:00","og_image":[{"url":"https:\/\/business-refresh.com\/wp-content\/uploads\/2022\/09\/AF-Logo.jpg","type":"","width":"","height":""}],"twitter_card":"summary_large_image","schema":{"@context":"https:\/\/schema.org","@graph":[{"@type":"WebPage","@id":"https:\/\/business-refresh.com\/ndertimtari\/","url":"https:\/\/business-refresh.com\/ndertimtari\/","name":"Nd\u00ebrtimtari - Refresh","isPartOf":{"@id":"https:\/\/business-refresh.com\/#website"},"primaryImageOfPage":{"@id":"https:\/\/business-refresh.com\/ndertimtari\/#primaryimage"},"image":{"@id":"https:\/\/business-refresh.com\/ndertimtari\/#primaryimage"},"thumbnailUrl":"https:\/\/business-refresh.com\/wp-content\/uploads\/2022\/09\/AF-Logo.jpg","datePublished":"2022-05-19T16:40:51+00:00","dateModified":"2022-09-26T21:49:29+00:00","breadcrumb":{"@id":"https:\/\/business-refresh.com\/ndertimtari\/#breadcrumb"},"inLanguage":"de","potentialAction":[{"@type":"ReadAction","target":["https:\/\/business-refresh.com\/ndertimtari\/"]}]},{"@type":"ImageObject","inLanguage":"de","@id":"https:\/\/business-refresh.com\/ndertimtari\/#primaryimage","url":"https:\/\/business-refresh.com\/wp-content\/uploads\/2022\/09\/AF-Logo.jpg","contentUrl":"https:\/\/business-refresh.com\/wp-content\/uploads\/2022\/09\/AF-Logo.jpg"},{"@type":"BreadcrumbList","@id":"https:\/\/business-refresh.com\/ndertimtari\/#breadcrumb","itemListElement":[{"@type":"ListItem","position":1,"name":"Home","item":"https:\/\/business-refresh.com\/"},{"@type":"ListItem","position":2,"name":"Nd\u00ebrtimtari"}]},{"@type":"WebSite","@id":"https:\/\/business-refresh.com\/#website","url":"https:\/\/business-refresh.com\/","name":"Refresh","description":"Marketing Agency","potentialAction":[{"@type":"SearchAction","target":{"@type":"EntryPoint","urlTemplate":"https:\/\/business-refresh.com\/?s={search_term_string}"},"query-input":{"@type":"PropertyValueSpecification","valueRequired":true,"valueName":"search_term_string"}}],"inLanguage":"de"}]}},"_links":{"self":[{"href":"https:\/\/business-refresh.com\/de\/wp-json\/wp\/v2\/pages\/1475","targetHints":{"allow":["GET"]}}],"collection":[{"href":"https:\/\/business-refresh.com\/de\/wp-json\/wp\/v2\/pages"}],"about":[{"href":"https:\/\/business-refresh.com\/de\/wp-json\/wp\/v2\/types\/page"}],"author":[{"embeddable":true,"href":"https:\/\/business-refresh.com\/de\/wp-json\/wp\/v2\/users\/1"}],"replies":[{"embeddable":true,"href":"https:\/\/business-refresh.com\/de\/wp-json\/wp\/v2\/comments?post=1475"}],"version-history":[{"count":15,"href":"https:\/\/business-refresh.com\/de\/wp-json\/wp\/v2\/pages\/1475\/revisions"}],"predecessor-version":[{"id":1990,"href":"https:\/\/business-refresh.com\/de\/wp-json\/wp\/v2\/pages\/1475\/revisions\/1990"}],"wp:attachment":[{"href":"https:\/\/business-refresh.com\/de\/wp-json\/wp\/v2\/media?parent=1475"}],"curies":[{"name":"wp","href":"https:\/\/api.w.org\/{rel}","templated":true}]}}