{"id":1247,"date":"2022-05-15T20:35:56","date_gmt":"2022-05-15T20:35:56","guid":{"rendered":"https:\/\/business-refresh.com\/?page_id=1247"},"modified":"2022-05-26T20:56:58","modified_gmt":"2022-05-26T20:56:58","slug":"rreth-nesh","status":"publish","type":"page","link":"https:\/\/business-refresh.com\/de\/rreth-nesh\/","title":{"rendered":"\u00dcber uns"},"content":{"rendered":"<div data-elementor-type=\"wp-page\" data-elementor-id=\"1247\" class=\"elementor elementor-1247\">\n\t\t\t\t\t\t<section class=\"elementor-section elementor-top-section elementor-element elementor-element-2986b92 elementor-section-boxed elementor-section-height-default elementor-section-height-default\" data-id=\"2986b92\" data-element_type=\"section\" data-e-type=\"section\">\n\t\t\t\t\t\t<div class=\"elementor-container elementor-column-gap-default\">\n\t\t\t\t\t<div class=\"elementor-column elementor-col-100 elementor-top-column elementor-element elementor-element-3d468e7\" data-id=\"3d468e7\" data-element_type=\"column\" data-e-type=\"column\">\n\t\t\t<div class=\"elementor-widget-wrap elementor-element-populated\">\n\t\t\t\t\t\t<section class=\"elementor-section elementor-inner-section elementor-element elementor-element-cb40176 elementor-section-boxed elementor-section-height-default elementor-section-height-default\" data-id=\"cb40176\" data-element_type=\"section\" data-e-type=\"section\">\n\t\t\t\t\t\t<div class=\"elementor-container elementor-column-gap-default\">\n\t\t\t\t\t<div class=\"elementor-column elementor-col-33 elementor-inner-column elementor-element elementor-element-426d439\" data-id=\"426d439\" data-element_type=\"column\" data-e-type=\"column\">\n\t\t\t<div class=\"elementor-widget-wrap\">\n\t\t\t\t\t\t\t<\/div>\n\t\t<\/div>\n\t\t\t\t<div class=\"elementor-column elementor-col-33 elementor-inner-column elementor-element elementor-element-e32610d\" data-id=\"e32610d\" data-element_type=\"column\" data-e-type=\"column\">\n\t\t\t<div class=\"elementor-widget-wrap elementor-element-populated\">\n\t\t\t\t\t\t<div class=\"elementor-element elementor-element-95bfde6 elementor-widget elementor-widget-heading\" data-id=\"95bfde6\" data-element_type=\"widget\" data-e-type=\"widget\" data-widget_type=\"heading.default\">\n\t\t\t\t<div class=\"elementor-widget-container\">\n\t\t\t\t\t<h1 class=\"elementor-heading-title elementor-size-default\">\u00dcber uns<\/h1>\t\t\t\t<\/div>\n\t\t\t\t<\/div>\n\t\t\t\t<div class=\"elementor-element elementor-element-7f1a661 elementor-widget elementor-widget-text-editor\" data-id=\"7f1a661\" data-element_type=\"widget\" data-e-type=\"widget\" data-widget_type=\"text-editor.default\">\n\t\t\t\t<div class=\"elementor-widget-container\">\n\t\t\t\t\t\t\t\t\t<div>\n<div dir=\"auto\">Hier, wo wir gemeinsam aufwachsen<\/div>\n<\/div>\t\t\t\t\t\t\t\t<\/div>\n\t\t\t\t<\/div>\n\t\t\t\t\t<\/div>\n\t\t<\/div>\n\t\t\t\t<div class=\"elementor-column elementor-col-33 elementor-inner-column elementor-element elementor-element-d442427\" data-id=\"d442427\" data-element_type=\"column\" data-e-type=\"column\">\n\t\t\t<div class=\"elementor-widget-wrap\">\n\t\t\t\t\t\t\t<\/div>\n\t\t<\/div>\n\t\t\t\t\t<\/div>\n\t\t<\/section>\n\t\t\t\t\t<\/div>\n\t\t<\/div>\n\t\t\t\t\t<\/div>\n\t\t<\/section>\n\t\t\t\t<section class=\"elementor-section elementor-top-section elementor-element elementor-element-db89d8e elementor-section-boxed elementor-section-height-default elementor-section-height-default\" data-id=\"db89d8e\" data-element_type=\"section\" data-e-type=\"section\" data-settings=\"{&quot;background_background&quot;:&quot;classic&quot;}\">\n\t\t\t\t\t\t<div class=\"elementor-container elementor-column-gap-default\">\n\t\t\t\t\t<div class=\"elementor-column elementor-col-100 elementor-top-column elementor-element elementor-element-2d34ae1\" data-id=\"2d34ae1\" data-element_type=\"column\" data-e-type=\"column\">\n\t\t\t<div class=\"elementor-widget-wrap elementor-element-populated\">\n\t\t\t\t\t\t<section class=\"elementor-section elementor-inner-section elementor-element elementor-element-908362c elementor-section-content-middle elementor-section-boxed elementor-section-height-default elementor-section-height-default\" data-id=\"908362c\" data-element_type=\"section\" data-e-type=\"section\">\n\t\t\t\t\t\t<div class=\"elementor-container elementor-column-gap-default\">\n\t\t\t\t\t<div class=\"elementor-column elementor-col-50 elementor-inner-column elementor-element elementor-element-0f54e76 elementor-invisible\" data-id=\"0f54e76\" data-element_type=\"column\" data-e-type=\"column\" data-settings=\"{&quot;animation&quot;:&quot;fadeInLeft&quot;}\">\n\t\t\t<div class=\"elementor-widget-wrap elementor-element-populated\">\n\t\t\t\t\t\t<div class=\"elementor-element elementor-element-ed941ce elementor-widget elementor-widget-image\" data-id=\"ed941ce\" data-element_type=\"widget\" data-e-type=\"widget\" data-widget_type=\"image.default\">\n\t\t\t\t<div class=\"elementor-widget-container\">\n\t\t\t\t\t\t\t\t\t\t\t\t\t\t\t<img fetchpriority=\"high\" decoding=\"async\" width=\"777\" height=\"516\" src=\"https:\/\/business-refresh.com\/wp-content\/uploads\/2022\/05\/Growth-Business-Flat-Vector.jpg\" class=\"attachment-large size-large wp-image-963\" alt=\"\" srcset=\"https:\/\/business-refresh.com\/wp-content\/uploads\/2022\/05\/Growth-Business-Flat-Vector.jpg 777w, https:\/\/business-refresh.com\/wp-content\/uploads\/2022\/05\/Growth-Business-Flat-Vector-300x199.jpg 300w, https:\/\/business-refresh.com\/wp-content\/uploads\/2022\/05\/Growth-Business-Flat-Vector-768x510.jpg 768w\" sizes=\"(max-width: 777px) 100vw, 777px\" \/>\t\t\t\t\t\t\t\t\t\t\t\t\t\t\t<\/div>\n\t\t\t\t<\/div>\n\t\t\t\t\t<\/div>\n\t\t<\/div>\n\t\t\t\t<div class=\"elementor-column elementor-col-50 elementor-inner-column elementor-element elementor-element-ffd31c3 elementor-invisible\" data-id=\"ffd31c3\" data-element_type=\"column\" data-e-type=\"column\" data-settings=\"{&quot;animation&quot;:&quot;fadeInRight&quot;}\">\n\t\t\t<div class=\"elementor-widget-wrap elementor-element-populated\">\n\t\t\t\t\t\t<div class=\"elementor-element elementor-element-da1c439 elementor-widget elementor-widget-heading\" data-id=\"da1c439\" data-element_type=\"widget\" data-e-type=\"widget\" data-widget_type=\"heading.default\">\n\t\t\t\t<div class=\"elementor-widget-container\">\n\t\t\t\t\t<h2 class=\"elementor-heading-title elementor-size-default\">Refresh ist ein Unternehmen, das Marketing-, Beratungs- und Vermittlungsdienstleistungen anbietet<\/h2>\t\t\t\t<\/div>\n\t\t\t\t<\/div>\n\t\t\t\t\t<\/div>\n\t\t<\/div>\n\t\t\t\t\t<\/div>\n\t\t<\/section>\n\t\t\t\t\t<\/div>\n\t\t<\/div>\n\t\t\t\t\t<\/div>\n\t\t<\/section>\n\t\t\t\t<section class=\"elementor-section elementor-top-section elementor-element elementor-element-476562e elementor-section-boxed elementor-section-height-default elementor-section-height-default\" data-id=\"476562e\" data-element_type=\"section\" data-e-type=\"section\">\n\t\t\t\t\t\t<div class=\"elementor-container elementor-column-gap-default\">\n\t\t\t\t\t<div class=\"elementor-column elementor-col-100 elementor-top-column elementor-element elementor-element-0268c9b\" data-id=\"0268c9b\" data-element_type=\"column\" data-e-type=\"column\">\n\t\t\t<div class=\"elementor-widget-wrap elementor-element-populated\">\n\t\t\t\t\t\t<div class=\"elementor-element elementor-element-42b0851 elementor-widget elementor-widget-heading\" data-id=\"42b0851\" data-element_type=\"widget\" data-e-type=\"widget\" data-widget_type=\"heading.default\">\n\t\t\t\t<div class=\"elementor-widget-container\">\n\t\t\t\t\t<h4 class=\"elementor-heading-title elementor-size-default\">Refresh verbindet Unternehmen mit Publikum, Kunden mit Produkten, Unternehmen mit Unternehmen.\n<\/h4>\t\t\t\t<\/div>\n\t\t\t\t<\/div>\n\t\t\t\t<section class=\"elementor-section elementor-inner-section elementor-element elementor-element-06f667f elementor-section-boxed elementor-section-height-default elementor-section-height-default\" data-id=\"06f667f\" data-element_type=\"section\" data-e-type=\"section\" data-settings=\"{&quot;background_background&quot;:&quot;classic&quot;}\">\n\t\t\t\t\t\t<div class=\"elementor-container elementor-column-gap-default\">\n\t\t\t\t\t<div class=\"elementor-column elementor-col-100 elementor-inner-column elementor-element elementor-element-8420f45 elementor-invisible\" data-id=\"8420f45\" data-element_type=\"column\" data-e-type=\"column\" data-settings=\"{&quot;background_background&quot;:&quot;classic&quot;,&quot;animation&quot;:&quot;fadeInUp&quot;}\">\n\t\t\t<div class=\"elementor-widget-wrap elementor-element-populated\">\n\t\t\t\t\t\t<div class=\"elementor-element elementor-element-b1bb3f3 elementor-widget elementor-widget-text-editor\" data-id=\"b1bb3f3\" data-element_type=\"widget\" data-e-type=\"widget\" data-widget_type=\"text-editor.default\">\n\t\t\t\t<div class=\"elementor-widget-container\">\n\t\t\t\t\t\t\t\t\t<p>Wir beginnen mit der Schaffung Ihrer Identit\u00e4t durch das einheitliche Logo, um Ihre Pr\u00e4senz in den sozialen Netzwerken zu gew\u00e4hrleisten, gefolgt von Offline-Diensten wie professionellen Fotografen, DeepL Inhalten, Videoanzeigen, Slogans, Produktkatalogen usw.<\/p><p>Wir betreiben Marktforschung und beraten Unternehmen. Wir verarbeiten Daten und erstellen Finanzanalysen dieser Daten. Wir erstellen Gesch\u00e4ftspl\u00e4ne und verwalten Gesch\u00e4ftsprojekte.<\/p><p>Wir helfen Unternehmen dabei, sich besser zu orientieren, indem wir ihre Online-Pr\u00e4senz neu bewerten und verbessern, um die Qualit\u00e4t der Daten zu verbessern, die dann im Detail analysiert werden, damit gerechtere Gesch\u00e4ftsentscheidungen leichter getroffen werden k\u00f6nnen.<\/p>\t\t\t\t\t\t\t\t<\/div>\n\t\t\t\t<\/div>\n\t\t\t\t\t<\/div>\n\t\t<\/div>\n\t\t\t\t\t<\/div>\n\t\t<\/section>\n\t\t\t\t<section class=\"elementor-section elementor-inner-section elementor-element elementor-element-b0cb8b7 elementor-section-boxed elementor-section-height-default elementor-section-height-default\" data-id=\"b0cb8b7\" data-element_type=\"section\" data-e-type=\"section\">\n\t\t\t\t\t\t<div class=\"elementor-container elementor-column-gap-default\">\n\t\t\t\t\t<div class=\"elementor-column elementor-col-100 elementor-inner-column elementor-element elementor-element-3e65b22 elementor-invisible\" data-id=\"3e65b22\" data-element_type=\"column\" data-e-type=\"column\" data-settings=\"{&quot;background_background&quot;:&quot;classic&quot;,&quot;animation&quot;:&quot;fadeInUp&quot;}\">\n\t\t\t<div class=\"elementor-widget-wrap elementor-element-populated\">\n\t\t\t\t\t\t<div class=\"elementor-element elementor-element-2250a55 elementor-widget elementor-widget-text-editor\" data-id=\"2250a55\" data-element_type=\"widget\" data-e-type=\"widget\" data-widget_type=\"text-editor.default\">\n\t\t\t\t<div class=\"elementor-widget-container\">\n\t\t\t\t\t\t\t\t\t<p>Sie sollten nicht zulassen, dass die Konkurrenz Ihren Marktanteil \u00fcbernimmt, indem sie Ihr mangelndes oder schlechtes Marketing sowie Ihren Mangel an Eingaben und Datenverarbeitung ausnutzt.<\/p><p>Sie sollten nicht z\u00f6gern, Ihre verschiedenen Investitionspl\u00e4ne zu stoppen, weil ihnen die notwendige Marktforschung und Beratung fehlt.<\/p><p>Mit uns k\u00f6nnen Sie mehr Zeit damit verbringen, das zu tun, was Ihnen Spa\u00df macht, und m\u00fcssen sich weniger Gedanken dar\u00fcber machen, wie Sie Kunden gewinnen und binden k\u00f6nnen.<\/p><p><strong>IHR UNTERNEHMEN AUFFRISCHEN<\/strong><\/p>\t\t\t\t\t\t\t\t<\/div>\n\t\t\t\t<\/div>\n\t\t\t\t\t<\/div>\n\t\t<\/div>\n\t\t\t\t\t<\/div>\n\t\t<\/section>\n\t\t\t\t\t<\/div>\n\t\t<\/div>\n\t\t\t\t\t<\/div>\n\t\t<\/section>\n\t\t\t\t<\/div>","protected":false},"excerpt":{"rendered":"<p>Rreth Nesh K\u00ebtu ku rritemi s\u00eb bashku Refresh \u00ebsht\u00eb kompani e cila ofron sh\u00ebrbime t\u00eb marketingut, konsulenc\u00ebs dhe nd\u00ebrmjet\u00ebsimit Refresh<\/p>","protected":false},"author":1,"featured_media":0,"parent":0,"menu_order":0,"comment_status":"closed","ping_status":"closed","template":"","meta":{"footnotes":""},"class_list":["post-1247","page","type-page","status-publish","hentry"],"acf":[],"yoast_head":"<!-- This site is optimized with the Yoast SEO plugin v27.3 - https:\/\/yoast.com\/product\/yoast-seo-wordpress\/ -->\n<title>Rreth Nesh - Refresh<\/title>\n<meta name=\"robots\" content=\"index, follow, max-snippet:-1, max-image-preview:large, max-video-preview:-1\" \/>\n<link rel=\"canonical\" href=\"https:\/\/business-refresh.com\/de\/rreth-nesh\/\" \/>\n<meta property=\"og:locale\" content=\"de_DE\" \/>\n<meta property=\"og:type\" content=\"article\" \/>\n<meta property=\"og:title\" content=\"Rreth Nesh - Refresh\" \/>\n<meta property=\"og:description\" content=\"Rreth Nesh K\u00ebtu ku rritemi s\u00eb bashku Refresh \u00ebsht\u00eb kompani e cila ofron sh\u00ebrbime t\u00eb marketingut, konsulenc\u00ebs dhe nd\u00ebrmjet\u00ebsimit Refresh\" \/>\n<meta property=\"og:url\" content=\"https:\/\/business-refresh.com\/de\/rreth-nesh\/\" \/>\n<meta property=\"og:site_name\" content=\"Refresh\" \/>\n<meta property=\"article:modified_time\" content=\"2022-05-26T20:56:58+00:00\" \/>\n<meta property=\"og:image\" content=\"https:\/\/business-refresh.com\/wp-content\/uploads\/2022\/05\/Growth-Business-Flat-Vector.jpg\" \/>\n<meta name=\"twitter:card\" content=\"summary_large_image\" \/>\n<meta name=\"twitter:label1\" content=\"Gesch\u00e4tzte Lesezeit\" \/>\n\t<meta name=\"twitter:data1\" content=\"1\u00a0Minute\" \/>\n<script type=\"application\/ld+json\" class=\"yoast-schema-graph\">{\"@context\":\"https:\\\/\\\/schema.org\",\"@graph\":[{\"@type\":\"WebPage\",\"@id\":\"https:\\\/\\\/business-refresh.com\\\/en\\\/rreth-nesh\\\/\",\"url\":\"https:\\\/\\\/business-refresh.com\\\/en\\\/rreth-nesh\\\/\",\"name\":\"Rreth Nesh - Refresh\",\"isPartOf\":{\"@id\":\"https:\\\/\\\/business-refresh.com\\\/#website\"},\"primaryImageOfPage\":{\"@id\":\"https:\\\/\\\/business-refresh.com\\\/en\\\/rreth-nesh\\\/#primaryimage\"},\"image\":{\"@id\":\"https:\\\/\\\/business-refresh.com\\\/en\\\/rreth-nesh\\\/#primaryimage\"},\"thumbnailUrl\":\"https:\\\/\\\/business-refresh.com\\\/wp-content\\\/uploads\\\/2022\\\/05\\\/Growth-Business-Flat-Vector.jpg\",\"datePublished\":\"2022-05-15T20:35:56+00:00\",\"dateModified\":\"2022-05-26T20:56:58+00:00\",\"breadcrumb\":{\"@id\":\"https:\\\/\\\/business-refresh.com\\\/en\\\/rreth-nesh\\\/#breadcrumb\"},\"inLanguage\":\"de\",\"potentialAction\":[{\"@type\":\"ReadAction\",\"target\":[\"https:\\\/\\\/business-refresh.com\\\/en\\\/rreth-nesh\\\/\"]}]},{\"@type\":\"ImageObject\",\"inLanguage\":\"de\",\"@id\":\"https:\\\/\\\/business-refresh.com\\\/en\\\/rreth-nesh\\\/#primaryimage\",\"url\":\"https:\\\/\\\/business-refresh.com\\\/wp-content\\\/uploads\\\/2022\\\/05\\\/Growth-Business-Flat-Vector.jpg\",\"contentUrl\":\"https:\\\/\\\/business-refresh.com\\\/wp-content\\\/uploads\\\/2022\\\/05\\\/Growth-Business-Flat-Vector.jpg\"},{\"@type\":\"BreadcrumbList\",\"@id\":\"https:\\\/\\\/business-refresh.com\\\/en\\\/rreth-nesh\\\/#breadcrumb\",\"itemListElement\":[{\"@type\":\"ListItem\",\"position\":1,\"name\":\"Home\",\"item\":\"https:\\\/\\\/business-refresh.com\\\/\"},{\"@type\":\"ListItem\",\"position\":2,\"name\":\"Rreth Nesh\"}]},{\"@type\":\"WebSite\",\"@id\":\"https:\\\/\\\/business-refresh.com\\\/#website\",\"url\":\"https:\\\/\\\/business-refresh.com\\\/\",\"name\":\"Refresh\",\"description\":\"Marketing Agency\",\"potentialAction\":[{\"@type\":\"SearchAction\",\"target\":{\"@type\":\"EntryPoint\",\"urlTemplate\":\"https:\\\/\\\/business-refresh.com\\\/?s={search_term_string}\"},\"query-input\":{\"@type\":\"PropertyValueSpecification\",\"valueRequired\":true,\"valueName\":\"search_term_string\"}}],\"inLanguage\":\"de\"}]}<\/script>\n<!-- \/ Yoast SEO plugin. -->","yoast_head_json":{"title":"Rreth Nesh - Refresh","robots":{"index":"index","follow":"follow","max-snippet":"max-snippet:-1","max-image-preview":"max-image-preview:large","max-video-preview":"max-video-preview:-1"},"canonical":"https:\/\/business-refresh.com\/de\/rreth-nesh\/","og_locale":"de_DE","og_type":"article","og_title":"Rreth Nesh - Refresh","og_description":"Rreth Nesh K\u00ebtu ku rritemi s\u00eb bashku Refresh \u00ebsht\u00eb kompani e cila ofron sh\u00ebrbime t\u00eb marketingut, konsulenc\u00ebs dhe nd\u00ebrmjet\u00ebsimit Refresh","og_url":"https:\/\/business-refresh.com\/de\/rreth-nesh\/","og_site_name":"Refresh","article_modified_time":"2022-05-26T20:56:58+00:00","og_image":[{"url":"https:\/\/business-refresh.com\/wp-content\/uploads\/2022\/05\/Growth-Business-Flat-Vector.jpg","type":"","width":"","height":""}],"twitter_card":"summary_large_image","twitter_misc":{"Gesch\u00e4tzte Lesezeit":"1\u00a0Minute"},"schema":{"@context":"https:\/\/schema.org","@graph":[{"@type":"WebPage","@id":"https:\/\/business-refresh.com\/en\/rreth-nesh\/","url":"https:\/\/business-refresh.com\/en\/rreth-nesh\/","name":"Rreth Nesh - Refresh","isPartOf":{"@id":"https:\/\/business-refresh.com\/#website"},"primaryImageOfPage":{"@id":"https:\/\/business-refresh.com\/en\/rreth-nesh\/#primaryimage"},"image":{"@id":"https:\/\/business-refresh.com\/en\/rreth-nesh\/#primaryimage"},"thumbnailUrl":"https:\/\/business-refresh.com\/wp-content\/uploads\/2022\/05\/Growth-Business-Flat-Vector.jpg","datePublished":"2022-05-15T20:35:56+00:00","dateModified":"2022-05-26T20:56:58+00:00","breadcrumb":{"@id":"https:\/\/business-refresh.com\/en\/rreth-nesh\/#breadcrumb"},"inLanguage":"de","potentialAction":[{"@type":"ReadAction","target":["https:\/\/business-refresh.com\/en\/rreth-nesh\/"]}]},{"@type":"ImageObject","inLanguage":"de","@id":"https:\/\/business-refresh.com\/en\/rreth-nesh\/#primaryimage","url":"https:\/\/business-refresh.com\/wp-content\/uploads\/2022\/05\/Growth-Business-Flat-Vector.jpg","contentUrl":"https:\/\/business-refresh.com\/wp-content\/uploads\/2022\/05\/Growth-Business-Flat-Vector.jpg"},{"@type":"BreadcrumbList","@id":"https:\/\/business-refresh.com\/en\/rreth-nesh\/#breadcrumb","itemListElement":[{"@type":"ListItem","position":1,"name":"Home","item":"https:\/\/business-refresh.com\/"},{"@type":"ListItem","position":2,"name":"Rreth Nesh"}]},{"@type":"WebSite","@id":"https:\/\/business-refresh.com\/#website","url":"https:\/\/business-refresh.com\/","name":"Refresh","description":"Marketing Agency","potentialAction":[{"@type":"SearchAction","target":{"@type":"EntryPoint","urlTemplate":"https:\/\/business-refresh.com\/?s={search_term_string}"},"query-input":{"@type":"PropertyValueSpecification","valueRequired":true,"valueName":"search_term_string"}}],"inLanguage":"de"}]}},"_links":{"self":[{"href":"https:\/\/business-refresh.com\/de\/wp-json\/wp\/v2\/pages\/1247","targetHints":{"allow":["GET"]}}],"collection":[{"href":"https:\/\/business-refresh.com\/de\/wp-json\/wp\/v2\/pages"}],"about":[{"href":"https:\/\/business-refresh.com\/de\/wp-json\/wp\/v2\/types\/page"}],"author":[{"embeddable":true,"href":"https:\/\/business-refresh.com\/de\/wp-json\/wp\/v2\/users\/1"}],"replies":[{"embeddable":true,"href":"https:\/\/business-refresh.com\/de\/wp-json\/wp\/v2\/comments?post=1247"}],"version-history":[{"count":34,"href":"https:\/\/business-refresh.com\/de\/wp-json\/wp\/v2\/pages\/1247\/revisions"}],"predecessor-version":[{"id":1675,"href":"https:\/\/business-refresh.com\/de\/wp-json\/wp\/v2\/pages\/1247\/revisions\/1675"}],"wp:attachment":[{"href":"https:\/\/business-refresh.com\/de\/wp-json\/wp\/v2\/media?parent=1247"}],"curies":[{"name":"wp","href":"https:\/\/api.w.org\/{rel}","templated":true}]}}